{"id":180,"date":"2024-02-24T16:18:11","date_gmt":"2024-02-24T15:18:11","guid":{"rendered":"https:\/\/vaubanlabs.com\/?page_id=180"},"modified":"2024-06-23T16:11:42","modified_gmt":"2024-06-23T14:11:42","slug":"offre-de-service","status":"publish","type":"page","link":"https:\/\/vaubanlabs.com\/index.php\/offre-de-service\/","title":{"rendered":"Offre de service"},"content":{"rendered":"\n<div class=\"wp-block-columns is-layout-flex wp-container-core-columns-is-layout-9d6595d7 wp-block-columns-is-layout-flex\">\n<div class=\"wp-block-column is-layout-flow wp-block-column-is-layout-flow\" style=\"flex-basis:100%\">\n<p>Voici l&rsquo;offre de service que nous pouvons vous proposer en fonction des diff\u00e9rentes expertises de l&rsquo;entreprise<\/p>\n\n\n<div class=\"wp-block-image\">\n<figure class=\"aligncenter size-full\"><img data-recalc-dims=\"1\" loading=\"lazy\" decoding=\"async\" width=\"800\" height=\"500\" src=\"https:\/\/i0.wp.com\/vaubanlabs.com\/wp-content\/uploads\/2024\/06\/marketing-VL-5.png?resize=800%2C500&#038;ssl=1\" alt=\"\" class=\"wp-image-426\" srcset=\"https:\/\/i0.wp.com\/vaubanlabs.com\/wp-content\/uploads\/2024\/06\/marketing-VL-5.png?w=800&amp;ssl=1 800w, https:\/\/i0.wp.com\/vaubanlabs.com\/wp-content\/uploads\/2024\/06\/marketing-VL-5.png?resize=768%2C480&amp;ssl=1 768w, https:\/\/i0.wp.com\/vaubanlabs.com\/wp-content\/uploads\/2024\/06\/marketing-VL-5.png?resize=600%2C375&amp;ssl=1 600w\" sizes=\"auto, (max-width: 800px) 100vw, 800px\" \/><figcaption class=\"wp-element-caption\"><em><mark style=\"background-color:rgba(0, 0, 0, 0)\" class=\"has-inline-color has-vivid-cyan-blue-color\"><strong>Transformez, Optimisez, Int\u00e9grez, Innovez<\/strong><\/mark><\/em><\/figcaption><\/figure>\n<\/div>\n\n\n<p>Les diff\u00e9rentes listes par sujet ne sont pas exhaustives, n&rsquo;h\u00e9sitez pas \u00e0 nous contacter pour une offre de service personnalis\u00e9e en fonction de vos besoins.<\/p>\n\n\n\n<div class=\"wp-block-columns is-layout-flex wp-container-core-columns-is-layout-9d6595d7 wp-block-columns-is-layout-flex\">\n<div class=\"wp-block-column is-layout-flow wp-block-column-is-layout-flow\">\n<h2 class=\"wp-block-heading\">Strat\u00e9gie IT et Architecture d&rsquo;entreprise<\/h2>\n\n\n\n<ul class=\"wp-block-list\">\n<li><a href=\"https:\/\/vaubanlabs.com\/index.php\/cartographie-si\/\">Cartographie du syst\u00e8me d&rsquo;information <\/a><\/li>\n\n\n\n<li>D\u00e9finition de l&rsquo;existant et proposition d&rsquo;optimisation<\/li>\n\n\n\n<li>Architecture sur site, Cloud ou hybride<\/li>\n<\/ul>\n<\/div>\n\n\n\n<div class=\"wp-block-column is-layout-flow wp-block-column-is-layout-flow\">\n<h2 class=\"wp-block-heading\">Gestion de projet et Optimisation des processus<\/h2>\n\n\n\n<ul class=\"wp-block-list\">\n<li>Cahier des charges<\/li>\n\n\n\n<li>Analyse des besoins<\/li>\n\n\n\n<li>Pilotage de projet (financier, planning, &#8230;)<\/li>\n\n\n\n<li>Gestion du backlog (Agile)<\/li>\n\n\n\n<li>Cartographie des processus m\u00e9tiers<br><a href=\"https:\/\/vaubanlabs.com\/index.php\/la-norme-bpmn\/\">norme BPMN<\/a><\/li>\n\n\n\n<li>Cahier de recette<\/li>\n<\/ul>\n<\/div>\n<\/div>\n<\/div>\n<\/div>\n\n\n\n<div class=\"wp-block-columns is-layout-flex wp-container-core-columns-is-layout-9d6595d7 wp-block-columns-is-layout-flex\">\n<div class=\"wp-block-column is-layout-flow wp-block-column-is-layout-flow\">\n<h2 class=\"wp-block-heading\">Solutions M\u00e9tier et Int\u00e9gration<\/h2>\n\n\n\n<ul class=\"wp-block-list\">\n<li>Migration ou installation de solution ERP, CRM, WMS, &#8230;<\/li>\n\n\n\n<li>Int\u00e9gration de syst\u00e8mes<\/li>\n\n\n\n<li>D\u00e9veloppement sur mesure<\/li>\n\n\n\n<li>Support post-d\u00e9ploiement<\/li>\n\n\n\n<li>Formation des utilisateurs<\/li>\n\n\n\n<li>Optimisation continue des solutions<\/li>\n<\/ul>\n<\/div>\n\n\n\n<div class=\"wp-block-column is-layout-flow wp-block-column-is-layout-flow\">\n<h2 class=\"wp-block-heading\">Technologies \u00c9mergentes et Innovation<\/h2>\n\n\n\n<ul class=\"wp-block-list\">\n<li>Int\u00e9gration de l&rsquo;Intelligence Artificielle<\/li>\n\n\n\n<li>Solutions Blockchain et NFT<\/li>\n\n\n\n<li>Automatisation des processus<\/li>\n\n\n\n<li>Veille technologique personnalis\u00e9e<\/li>\n\n\n\n<li>Proof of Concept (PoC) pour nouvelles technologies<\/li>\n\n\n\n<li>Formations sur les technologies \u00e9mergentes<\/li>\n<\/ul>\n<\/div>\n<\/div>\n\n\n\n<p>Retour \u00e0 <a href=\"https:\/\/vaubanlabs.com\/\">l&rsquo;accueil<\/a> ou retrouvez nous sur <a href=\"https:\/\/www.linkedin.com\/company\/vaubanlabs\">LinkedIn<\/a><\/p>\n","protected":false},"excerpt":{"rendered":"<p>Voici l&rsquo;offre de service que nous pouvons vous proposer en fonction des diff\u00e9rentes expertises de l&rsquo;entreprise Les diff\u00e9rentes listes par sujet ne sont pas exhaustives, n&rsquo;h\u00e9sitez pas \u00e0 nous contacter<\/p>\n<p><a href=\"https:\/\/vaubanlabs.com\/index.php\/offre-de-service\/\" class=\"more-link\">Continue reading<span class=\"screen-reader-text\">Offre de service<\/span><\/a><\/p>\n","protected":false},"author":2,"featured_media":0,"parent":0,"menu_order":0,"comment_status":"closed","ping_status":"closed","template":"","meta":{"footnotes":""},"class_list":["post-180","page","type-page","status-publish","hentry"],"yoast_head":"<!-- This site is optimized with the Yoast SEO plugin v27.4 - https:\/\/yoast.com\/product\/yoast-seo-wordpress\/ -->\n<title>Offre de service - VaubanLabs<\/title>\n<meta name=\"description\" content=\"Un aper\u00e7u non exhaustif de l&#039;offre de service de la soci\u00e9t\u00e9 VaubanLabs dans ses diff\u00e9rents domaines d&#039;expertise.\" \/>\n<meta name=\"robots\" content=\"index, follow, max-snippet:-1, max-image-preview:large, max-video-preview:-1\" \/>\n<link rel=\"canonical\" href=\"https:\/\/vaubanlabs.com\/index.php\/offre-de-service\/\" \/>\n<meta property=\"og:locale\" content=\"fr_FR\" \/>\n<meta property=\"og:type\" content=\"article\" \/>\n<meta property=\"og:title\" content=\"Offre de service - VaubanLabs\" \/>\n<meta property=\"og:description\" content=\"Un aper\u00e7u non exhaustif de l&#039;offre de service de la soci\u00e9t\u00e9 VaubanLabs dans ses diff\u00e9rents domaines d&#039;expertise.\" \/>\n<meta property=\"og:url\" content=\"https:\/\/vaubanlabs.com\/index.php\/offre-de-service\/\" \/>\n<meta property=\"og:site_name\" content=\"VaubanLabs\" \/>\n<meta property=\"article:modified_time\" content=\"2024-06-23T14:11:42+00:00\" \/>\n<meta property=\"og:image\" content=\"https:\/\/vaubanlabs.com\/wp-content\/uploads\/2024\/06\/marketing-VL-5.png\" \/>\n<meta name=\"twitter:card\" content=\"summary_large_image\" \/>\n<meta name=\"twitter:site\" content=\"@vaubanlabs\" \/>\n<meta name=\"twitter:label1\" content=\"Dur\u00e9e de lecture estim\u00e9e\" \/>\n\t<meta name=\"twitter:data1\" content=\"2 minutes\" \/>\n<script type=\"application\/ld+json\" class=\"yoast-schema-graph\">{\"@context\":\"https:\\\/\\\/schema.org\",\"@graph\":[{\"@type\":\"WebPage\",\"@id\":\"https:\\\/\\\/vaubanlabs.com\\\/index.php\\\/offre-de-service\\\/\",\"url\":\"https:\\\/\\\/vaubanlabs.com\\\/index.php\\\/offre-de-service\\\/\",\"name\":\"Offre de service - VaubanLabs\",\"isPartOf\":{\"@id\":\"https:\\\/\\\/vaubanlabs.com\\\/#website\"},\"primaryImageOfPage\":{\"@id\":\"https:\\\/\\\/vaubanlabs.com\\\/index.php\\\/offre-de-service\\\/#primaryimage\"},\"image\":{\"@id\":\"https:\\\/\\\/vaubanlabs.com\\\/index.php\\\/offre-de-service\\\/#primaryimage\"},\"thumbnailUrl\":\"https:\\\/\\\/vaubanlabs.com\\\/wp-content\\\/uploads\\\/2024\\\/06\\\/marketing-VL-5.png\",\"datePublished\":\"2024-02-24T15:18:11+00:00\",\"dateModified\":\"2024-06-23T14:11:42+00:00\",\"description\":\"Un aper\u00e7u non exhaustif de l'offre de service de la soci\u00e9t\u00e9 VaubanLabs dans ses diff\u00e9rents domaines d'expertise.\",\"breadcrumb\":{\"@id\":\"https:\\\/\\\/vaubanlabs.com\\\/index.php\\\/offre-de-service\\\/#breadcrumb\"},\"inLanguage\":\"fr-FR\",\"potentialAction\":[{\"@type\":\"ReadAction\",\"target\":[\"https:\\\/\\\/vaubanlabs.com\\\/index.php\\\/offre-de-service\\\/\"]}]},{\"@type\":\"ImageObject\",\"inLanguage\":\"fr-FR\",\"@id\":\"https:\\\/\\\/vaubanlabs.com\\\/index.php\\\/offre-de-service\\\/#primaryimage\",\"url\":\"https:\\\/\\\/i0.wp.com\\\/vaubanlabs.com\\\/wp-content\\\/uploads\\\/2024\\\/06\\\/marketing-VL-5.png?fit=800%2C500&ssl=1\",\"contentUrl\":\"https:\\\/\\\/i0.wp.com\\\/vaubanlabs.com\\\/wp-content\\\/uploads\\\/2024\\\/06\\\/marketing-VL-5.png?fit=800%2C500&ssl=1\",\"width\":800,\"height\":500},{\"@type\":\"BreadcrumbList\",\"@id\":\"https:\\\/\\\/vaubanlabs.com\\\/index.php\\\/offre-de-service\\\/#breadcrumb\",\"itemListElement\":[{\"@type\":\"ListItem\",\"position\":1,\"name\":\"Home\",\"item\":\"https:\\\/\\\/vaubanlabs.com\\\/\"},{\"@type\":\"ListItem\",\"position\":2,\"name\":\"Offre de service\"}]},{\"@type\":\"WebSite\",\"@id\":\"https:\\\/\\\/vaubanlabs.com\\\/#website\",\"url\":\"https:\\\/\\\/vaubanlabs.com\\\/\",\"name\":\"VaubanLabs\",\"description\":\"L&#039;architecte de vos solutions\",\"publisher\":{\"@id\":\"https:\\\/\\\/vaubanlabs.com\\\/#organization\"},\"potentialAction\":[{\"@type\":\"SearchAction\",\"target\":{\"@type\":\"EntryPoint\",\"urlTemplate\":\"https:\\\/\\\/vaubanlabs.com\\\/?s={search_term_string}\"},\"query-input\":{\"@type\":\"PropertyValueSpecification\",\"valueRequired\":true,\"valueName\":\"search_term_string\"}}],\"inLanguage\":\"fr-FR\"},{\"@type\":\"Organization\",\"@id\":\"https:\\\/\\\/vaubanlabs.com\\\/#organization\",\"name\":\"VaubanLabs\",\"url\":\"https:\\\/\\\/vaubanlabs.com\\\/\",\"logo\":{\"@type\":\"ImageObject\",\"inLanguage\":\"fr-FR\",\"@id\":\"https:\\\/\\\/vaubanlabs.com\\\/#\\\/schema\\\/logo\\\/image\\\/\",\"url\":\"https:\\\/\\\/vaubanlabs.com\\\/wp-content\\\/uploads\\\/2024\\\/01\\\/cropped-Capture-decran-2024-01-27-a-14.43.17-3.png\",\"contentUrl\":\"https:\\\/\\\/vaubanlabs.com\\\/wp-content\\\/uploads\\\/2024\\\/01\\\/cropped-Capture-decran-2024-01-27-a-14.43.17-3.png\",\"width\":512,\"height\":512,\"caption\":\"VaubanLabs\"},\"image\":{\"@id\":\"https:\\\/\\\/vaubanlabs.com\\\/#\\\/schema\\\/logo\\\/image\\\/\"},\"sameAs\":[\"https:\\\/\\\/x.com\\\/vaubanlabs\"]}]}<\/script>\n<!-- \/ Yoast SEO plugin. -->","yoast_head_json":{"title":"Offre de service - VaubanLabs","description":"Un aper\u00e7u non exhaustif de l'offre de service de la soci\u00e9t\u00e9 VaubanLabs dans ses diff\u00e9rents domaines d'expertise.","robots":{"index":"index","follow":"follow","max-snippet":"max-snippet:-1","max-image-preview":"max-image-preview:large","max-video-preview":"max-video-preview:-1"},"canonical":"https:\/\/vaubanlabs.com\/index.php\/offre-de-service\/","og_locale":"fr_FR","og_type":"article","og_title":"Offre de service - VaubanLabs","og_description":"Un aper\u00e7u non exhaustif de l'offre de service de la soci\u00e9t\u00e9 VaubanLabs dans ses diff\u00e9rents domaines d'expertise.","og_url":"https:\/\/vaubanlabs.com\/index.php\/offre-de-service\/","og_site_name":"VaubanLabs","article_modified_time":"2024-06-23T14:11:42+00:00","og_image":[{"url":"https:\/\/vaubanlabs.com\/wp-content\/uploads\/2024\/06\/marketing-VL-5.png","type":"","width":"","height":""}],"twitter_card":"summary_large_image","twitter_site":"@vaubanlabs","twitter_misc":{"Dur\u00e9e de lecture estim\u00e9e":"2 minutes"},"schema":{"@context":"https:\/\/schema.org","@graph":[{"@type":"WebPage","@id":"https:\/\/vaubanlabs.com\/index.php\/offre-de-service\/","url":"https:\/\/vaubanlabs.com\/index.php\/offre-de-service\/","name":"Offre de service - VaubanLabs","isPartOf":{"@id":"https:\/\/vaubanlabs.com\/#website"},"primaryImageOfPage":{"@id":"https:\/\/vaubanlabs.com\/index.php\/offre-de-service\/#primaryimage"},"image":{"@id":"https:\/\/vaubanlabs.com\/index.php\/offre-de-service\/#primaryimage"},"thumbnailUrl":"https:\/\/vaubanlabs.com\/wp-content\/uploads\/2024\/06\/marketing-VL-5.png","datePublished":"2024-02-24T15:18:11+00:00","dateModified":"2024-06-23T14:11:42+00:00","description":"Un aper\u00e7u non exhaustif de l'offre de service de la soci\u00e9t\u00e9 VaubanLabs dans ses diff\u00e9rents domaines d'expertise.","breadcrumb":{"@id":"https:\/\/vaubanlabs.com\/index.php\/offre-de-service\/#breadcrumb"},"inLanguage":"fr-FR","potentialAction":[{"@type":"ReadAction","target":["https:\/\/vaubanlabs.com\/index.php\/offre-de-service\/"]}]},{"@type":"ImageObject","inLanguage":"fr-FR","@id":"https:\/\/vaubanlabs.com\/index.php\/offre-de-service\/#primaryimage","url":"https:\/\/i0.wp.com\/vaubanlabs.com\/wp-content\/uploads\/2024\/06\/marketing-VL-5.png?fit=800%2C500&ssl=1","contentUrl":"https:\/\/i0.wp.com\/vaubanlabs.com\/wp-content\/uploads\/2024\/06\/marketing-VL-5.png?fit=800%2C500&ssl=1","width":800,"height":500},{"@type":"BreadcrumbList","@id":"https:\/\/vaubanlabs.com\/index.php\/offre-de-service\/#breadcrumb","itemListElement":[{"@type":"ListItem","position":1,"name":"Home","item":"https:\/\/vaubanlabs.com\/"},{"@type":"ListItem","position":2,"name":"Offre de service"}]},{"@type":"WebSite","@id":"https:\/\/vaubanlabs.com\/#website","url":"https:\/\/vaubanlabs.com\/","name":"VaubanLabs","description":"L&#039;architecte de vos solutions","publisher":{"@id":"https:\/\/vaubanlabs.com\/#organization"},"potentialAction":[{"@type":"SearchAction","target":{"@type":"EntryPoint","urlTemplate":"https:\/\/vaubanlabs.com\/?s={search_term_string}"},"query-input":{"@type":"PropertyValueSpecification","valueRequired":true,"valueName":"search_term_string"}}],"inLanguage":"fr-FR"},{"@type":"Organization","@id":"https:\/\/vaubanlabs.com\/#organization","name":"VaubanLabs","url":"https:\/\/vaubanlabs.com\/","logo":{"@type":"ImageObject","inLanguage":"fr-FR","@id":"https:\/\/vaubanlabs.com\/#\/schema\/logo\/image\/","url":"https:\/\/vaubanlabs.com\/wp-content\/uploads\/2024\/01\/cropped-Capture-decran-2024-01-27-a-14.43.17-3.png","contentUrl":"https:\/\/vaubanlabs.com\/wp-content\/uploads\/2024\/01\/cropped-Capture-decran-2024-01-27-a-14.43.17-3.png","width":512,"height":512,"caption":"VaubanLabs"},"image":{"@id":"https:\/\/vaubanlabs.com\/#\/schema\/logo\/image\/"},"sameAs":["https:\/\/x.com\/vaubanlabs"]}]}},"jetpack_sharing_enabled":true,"_links":{"self":[{"href":"https:\/\/vaubanlabs.com\/index.php\/wp-json\/wp\/v2\/pages\/180","targetHints":{"allow":["GET"]}}],"collection":[{"href":"https:\/\/vaubanlabs.com\/index.php\/wp-json\/wp\/v2\/pages"}],"about":[{"href":"https:\/\/vaubanlabs.com\/index.php\/wp-json\/wp\/v2\/types\/page"}],"author":[{"embeddable":true,"href":"https:\/\/vaubanlabs.com\/index.php\/wp-json\/wp\/v2\/users\/2"}],"replies":[{"embeddable":true,"href":"https:\/\/vaubanlabs.com\/index.php\/wp-json\/wp\/v2\/comments?post=180"}],"version-history":[{"count":10,"href":"https:\/\/vaubanlabs.com\/index.php\/wp-json\/wp\/v2\/pages\/180\/revisions"}],"predecessor-version":[{"id":429,"href":"https:\/\/vaubanlabs.com\/index.php\/wp-json\/wp\/v2\/pages\/180\/revisions\/429"}],"wp:attachment":[{"href":"https:\/\/vaubanlabs.com\/index.php\/wp-json\/wp\/v2\/media?parent=180"}],"curies":[{"name":"wp","href":"https:\/\/api.w.org\/{rel}","templated":true}]}}