{"id":5,"date":"2023-09-26T20:34:17","date_gmt":"2023-09-26T18:34:17","guid":{"rendered":"https:\/\/vaubanlabs.com\/index.php\/home\/"},"modified":"2024-04-16T20:10:55","modified_gmt":"2024-04-16T18:10:55","slug":"home","status":"publish","type":"page","link":"https:\/\/vaubanlabs.com\/","title":{"rendered":"Accueil"},"content":{"rendered":"\n<p>VaubanLabs conseil en Architecture des Syst\u00e8mes d&rsquo;Informations, IA et Blockchain<\/p>\n\n\n<div class=\"wp-block-image\">\n<figure class=\"aligncenter size-full is-resized\"><img data-recalc-dims=\"1\" loading=\"lazy\" decoding=\"async\" width=\"512\" height=\"512\" src=\"https:\/\/i0.wp.com\/vaubanlabs.com\/wp-content\/uploads\/2024\/01\/cropped-Capture-decran-2024-01-27-a-14.43.17-3.png?resize=512%2C512&#038;ssl=1\" alt=\"\" class=\"wp-image-31\" style=\"width:276px;height:auto\" srcset=\"https:\/\/i0.wp.com\/vaubanlabs.com\/wp-content\/uploads\/2024\/01\/cropped-Capture-decran-2024-01-27-a-14.43.17-3.png?w=512&amp;ssl=1 512w, https:\/\/i0.wp.com\/vaubanlabs.com\/wp-content\/uploads\/2024\/01\/cropped-Capture-decran-2024-01-27-a-14.43.17-3.png?resize=300%2C300&amp;ssl=1 300w, https:\/\/i0.wp.com\/vaubanlabs.com\/wp-content\/uploads\/2024\/01\/cropped-Capture-decran-2024-01-27-a-14.43.17-3.png?resize=150%2C150&amp;ssl=1 150w, https:\/\/i0.wp.com\/vaubanlabs.com\/wp-content\/uploads\/2024\/01\/cropped-Capture-decran-2024-01-27-a-14.43.17-3.png?resize=270%2C270&amp;ssl=1 270w, https:\/\/i0.wp.com\/vaubanlabs.com\/wp-content\/uploads\/2024\/01\/cropped-Capture-decran-2024-01-27-a-14.43.17-3.png?resize=192%2C192&amp;ssl=1 192w, https:\/\/i0.wp.com\/vaubanlabs.com\/wp-content\/uploads\/2024\/01\/cropped-Capture-decran-2024-01-27-a-14.43.17-3.png?resize=180%2C180&amp;ssl=1 180w, https:\/\/i0.wp.com\/vaubanlabs.com\/wp-content\/uploads\/2024\/01\/cropped-Capture-decran-2024-01-27-a-14.43.17-3.png?resize=32%2C32&amp;ssl=1 32w\" sizes=\"auto, (max-width: 512px) 100vw, 512px\" \/><\/figure>\n<\/div>\n\n\n<p>vers l&rsquo;<a href=\"https:\/\/vaubanlabs.com\/index.php\/offre-de-service\/\">offre de service<\/a><\/p>\n","protected":false},"excerpt":{"rendered":"<p>VaubanLabs conseil en Architecture des Syst\u00e8mes d&rsquo;Informations, IA et Blockchain vers l&rsquo;offre de service<\/p>\n","protected":false},"author":2,"featured_media":0,"parent":0,"menu_order":0,"comment_status":"closed","ping_status":"closed","template":"page-templates\/frontpage.php","meta":{"footnotes":""},"class_list":["post-5","page","type-page","status-publish","hentry"],"yoast_head":"<!-- This site is optimized with the Yoast SEO plugin v27.4 - https:\/\/yoast.com\/product\/yoast-seo-wordpress\/ -->\n<title>Accueil - VaubanLabs<\/title>\n<meta name=\"description\" content=\"Bienvenue sur le site de la soci\u00e9t\u00e9 VaubanLabs SAS, conseil en Architecture des Syst\u00e8mes d&#039;Information, IA et Blockchain\" \/>\n<meta name=\"robots\" content=\"index, follow, max-snippet:-1, max-image-preview:large, max-video-preview:-1\" \/>\n<link rel=\"canonical\" href=\"https:\/\/vaubanlabs.com\/\" \/>\n<meta property=\"og:locale\" content=\"fr_FR\" \/>\n<meta property=\"og:type\" content=\"article\" \/>\n<meta property=\"og:title\" content=\"Accueil - VaubanLabs\" \/>\n<meta property=\"og:description\" content=\"Bienvenue sur le site de la soci\u00e9t\u00e9 VaubanLabs SAS, conseil en Architecture des Syst\u00e8mes d&#039;Information, IA et Blockchain\" \/>\n<meta property=\"og:url\" content=\"https:\/\/vaubanlabs.com\/\" \/>\n<meta property=\"og:site_name\" content=\"VaubanLabs\" \/>\n<meta property=\"article:modified_time\" content=\"2024-04-16T18:10:55+00:00\" \/>\n<meta property=\"og:image\" content=\"https:\/\/vaubanlabs.com\/wp-content\/uploads\/2024\/01\/cropped-Capture-decran-2024-01-27-a-14.43.17-3.png\" \/>\n<meta name=\"twitter:card\" content=\"summary_large_image\" \/>\n<meta name=\"twitter:site\" content=\"@vaubanlabs\" \/>\n<meta name=\"twitter:label1\" content=\"Dur\u00e9e de lecture estim\u00e9e\" \/>\n\t<meta name=\"twitter:data1\" content=\"1 minute\" \/>\n<script type=\"application\/ld+json\" class=\"yoast-schema-graph\">{\"@context\":\"https:\\\/\\\/schema.org\",\"@graph\":[{\"@type\":\"WebPage\",\"@id\":\"https:\\\/\\\/vaubanlabs.com\\\/\",\"url\":\"https:\\\/\\\/vaubanlabs.com\\\/\",\"name\":\"Accueil - VaubanLabs\",\"isPartOf\":{\"@id\":\"https:\\\/\\\/vaubanlabs.com\\\/#website\"},\"primaryImageOfPage\":{\"@id\":\"https:\\\/\\\/vaubanlabs.com\\\/#primaryimage\"},\"image\":{\"@id\":\"https:\\\/\\\/vaubanlabs.com\\\/#primaryimage\"},\"thumbnailUrl\":\"https:\\\/\\\/vaubanlabs.com\\\/wp-content\\\/uploads\\\/2024\\\/01\\\/cropped-Capture-decran-2024-01-27-a-14.43.17-3.png\",\"datePublished\":\"2023-09-26T18:34:17+00:00\",\"dateModified\":\"2024-04-16T18:10:55+00:00\",\"description\":\"Bienvenue sur le site de la soci\u00e9t\u00e9 VaubanLabs SAS, conseil en Architecture des Syst\u00e8mes d'Information, IA et Blockchain\",\"breadcrumb\":{\"@id\":\"https:\\\/\\\/vaubanlabs.com\\\/#breadcrumb\"},\"inLanguage\":\"fr-FR\",\"potentialAction\":[{\"@type\":\"ReadAction\",\"target\":[\"https:\\\/\\\/vaubanlabs.com\\\/\"]}]},{\"@type\":\"ImageObject\",\"inLanguage\":\"fr-FR\",\"@id\":\"https:\\\/\\\/vaubanlabs.com\\\/#primaryimage\",\"url\":\"https:\\\/\\\/i0.wp.com\\\/vaubanlabs.com\\\/wp-content\\\/uploads\\\/2024\\\/01\\\/cropped-Capture-decran-2024-01-27-a-14.43.17-3.png?fit=512%2C512&ssl=1\",\"contentUrl\":\"https:\\\/\\\/i0.wp.com\\\/vaubanlabs.com\\\/wp-content\\\/uploads\\\/2024\\\/01\\\/cropped-Capture-decran-2024-01-27-a-14.43.17-3.png?fit=512%2C512&ssl=1\",\"width\":512,\"height\":512},{\"@type\":\"BreadcrumbList\",\"@id\":\"https:\\\/\\\/vaubanlabs.com\\\/#breadcrumb\",\"itemListElement\":[{\"@type\":\"ListItem\",\"position\":1,\"name\":\"Home\",\"item\":\"https:\\\/\\\/vaubanlabs.com\\\/\"},{\"@type\":\"ListItem\",\"position\":2,\"name\":\"Accueil\"}]},{\"@type\":\"WebSite\",\"@id\":\"https:\\\/\\\/vaubanlabs.com\\\/#website\",\"url\":\"https:\\\/\\\/vaubanlabs.com\\\/\",\"name\":\"VaubanLabs\",\"description\":\"L&#039;architecte de vos solutions\",\"publisher\":{\"@id\":\"https:\\\/\\\/vaubanlabs.com\\\/#organization\"},\"potentialAction\":[{\"@type\":\"SearchAction\",\"target\":{\"@type\":\"EntryPoint\",\"urlTemplate\":\"https:\\\/\\\/vaubanlabs.com\\\/?s={search_term_string}\"},\"query-input\":{\"@type\":\"PropertyValueSpecification\",\"valueRequired\":true,\"valueName\":\"search_term_string\"}}],\"inLanguage\":\"fr-FR\"},{\"@type\":\"Organization\",\"@id\":\"https:\\\/\\\/vaubanlabs.com\\\/#organization\",\"name\":\"VaubanLabs\",\"url\":\"https:\\\/\\\/vaubanlabs.com\\\/\",\"logo\":{\"@type\":\"ImageObject\",\"inLanguage\":\"fr-FR\",\"@id\":\"https:\\\/\\\/vaubanlabs.com\\\/#\\\/schema\\\/logo\\\/image\\\/\",\"url\":\"https:\\\/\\\/vaubanlabs.com\\\/wp-content\\\/uploads\\\/2024\\\/01\\\/cropped-Capture-decran-2024-01-27-a-14.43.17-3.png\",\"contentUrl\":\"https:\\\/\\\/vaubanlabs.com\\\/wp-content\\\/uploads\\\/2024\\\/01\\\/cropped-Capture-decran-2024-01-27-a-14.43.17-3.png\",\"width\":512,\"height\":512,\"caption\":\"VaubanLabs\"},\"image\":{\"@id\":\"https:\\\/\\\/vaubanlabs.com\\\/#\\\/schema\\\/logo\\\/image\\\/\"},\"sameAs\":[\"https:\\\/\\\/x.com\\\/vaubanlabs\"]}]}<\/script>\n<!-- \/ Yoast SEO plugin. -->","yoast_head_json":{"title":"Accueil - VaubanLabs","description":"Bienvenue sur le site de la soci\u00e9t\u00e9 VaubanLabs SAS, conseil en Architecture des Syst\u00e8mes d'Information, IA et Blockchain","robots":{"index":"index","follow":"follow","max-snippet":"max-snippet:-1","max-image-preview":"max-image-preview:large","max-video-preview":"max-video-preview:-1"},"canonical":"https:\/\/vaubanlabs.com\/","og_locale":"fr_FR","og_type":"article","og_title":"Accueil - VaubanLabs","og_description":"Bienvenue sur le site de la soci\u00e9t\u00e9 VaubanLabs SAS, conseil en Architecture des Syst\u00e8mes d'Information, IA et Blockchain","og_url":"https:\/\/vaubanlabs.com\/","og_site_name":"VaubanLabs","article_modified_time":"2024-04-16T18:10:55+00:00","og_image":[{"url":"https:\/\/vaubanlabs.com\/wp-content\/uploads\/2024\/01\/cropped-Capture-decran-2024-01-27-a-14.43.17-3.png","type":"","width":"","height":""}],"twitter_card":"summary_large_image","twitter_site":"@vaubanlabs","twitter_misc":{"Dur\u00e9e de lecture estim\u00e9e":"1 minute"},"schema":{"@context":"https:\/\/schema.org","@graph":[{"@type":"WebPage","@id":"https:\/\/vaubanlabs.com\/","url":"https:\/\/vaubanlabs.com\/","name":"Accueil - VaubanLabs","isPartOf":{"@id":"https:\/\/vaubanlabs.com\/#website"},"primaryImageOfPage":{"@id":"https:\/\/vaubanlabs.com\/#primaryimage"},"image":{"@id":"https:\/\/vaubanlabs.com\/#primaryimage"},"thumbnailUrl":"https:\/\/vaubanlabs.com\/wp-content\/uploads\/2024\/01\/cropped-Capture-decran-2024-01-27-a-14.43.17-3.png","datePublished":"2023-09-26T18:34:17+00:00","dateModified":"2024-04-16T18:10:55+00:00","description":"Bienvenue sur le site de la soci\u00e9t\u00e9 VaubanLabs SAS, conseil en Architecture des Syst\u00e8mes d'Information, IA et Blockchain","breadcrumb":{"@id":"https:\/\/vaubanlabs.com\/#breadcrumb"},"inLanguage":"fr-FR","potentialAction":[{"@type":"ReadAction","target":["https:\/\/vaubanlabs.com\/"]}]},{"@type":"ImageObject","inLanguage":"fr-FR","@id":"https:\/\/vaubanlabs.com\/#primaryimage","url":"https:\/\/i0.wp.com\/vaubanlabs.com\/wp-content\/uploads\/2024\/01\/cropped-Capture-decran-2024-01-27-a-14.43.17-3.png?fit=512%2C512&ssl=1","contentUrl":"https:\/\/i0.wp.com\/vaubanlabs.com\/wp-content\/uploads\/2024\/01\/cropped-Capture-decran-2024-01-27-a-14.43.17-3.png?fit=512%2C512&ssl=1","width":512,"height":512},{"@type":"BreadcrumbList","@id":"https:\/\/vaubanlabs.com\/#breadcrumb","itemListElement":[{"@type":"ListItem","position":1,"name":"Home","item":"https:\/\/vaubanlabs.com\/"},{"@type":"ListItem","position":2,"name":"Accueil"}]},{"@type":"WebSite","@id":"https:\/\/vaubanlabs.com\/#website","url":"https:\/\/vaubanlabs.com\/","name":"VaubanLabs","description":"L&#039;architecte de vos solutions","publisher":{"@id":"https:\/\/vaubanlabs.com\/#organization"},"potentialAction":[{"@type":"SearchAction","target":{"@type":"EntryPoint","urlTemplate":"https:\/\/vaubanlabs.com\/?s={search_term_string}"},"query-input":{"@type":"PropertyValueSpecification","valueRequired":true,"valueName":"search_term_string"}}],"inLanguage":"fr-FR"},{"@type":"Organization","@id":"https:\/\/vaubanlabs.com\/#organization","name":"VaubanLabs","url":"https:\/\/vaubanlabs.com\/","logo":{"@type":"ImageObject","inLanguage":"fr-FR","@id":"https:\/\/vaubanlabs.com\/#\/schema\/logo\/image\/","url":"https:\/\/vaubanlabs.com\/wp-content\/uploads\/2024\/01\/cropped-Capture-decran-2024-01-27-a-14.43.17-3.png","contentUrl":"https:\/\/vaubanlabs.com\/wp-content\/uploads\/2024\/01\/cropped-Capture-decran-2024-01-27-a-14.43.17-3.png","width":512,"height":512,"caption":"VaubanLabs"},"image":{"@id":"https:\/\/vaubanlabs.com\/#\/schema\/logo\/image\/"},"sameAs":["https:\/\/x.com\/vaubanlabs"]}]}},"jetpack_sharing_enabled":true,"_links":{"self":[{"href":"https:\/\/vaubanlabs.com\/index.php\/wp-json\/wp\/v2\/pages\/5","targetHints":{"allow":["GET"]}}],"collection":[{"href":"https:\/\/vaubanlabs.com\/index.php\/wp-json\/wp\/v2\/pages"}],"about":[{"href":"https:\/\/vaubanlabs.com\/index.php\/wp-json\/wp\/v2\/types\/page"}],"author":[{"embeddable":true,"href":"https:\/\/vaubanlabs.com\/index.php\/wp-json\/wp\/v2\/users\/2"}],"replies":[{"embeddable":true,"href":"https:\/\/vaubanlabs.com\/index.php\/wp-json\/wp\/v2\/comments?post=5"}],"version-history":[{"count":2,"href":"https:\/\/vaubanlabs.com\/index.php\/wp-json\/wp\/v2\/pages\/5\/revisions"}],"predecessor-version":[{"id":233,"href":"https:\/\/vaubanlabs.com\/index.php\/wp-json\/wp\/v2\/pages\/5\/revisions\/233"}],"wp:attachment":[{"href":"https:\/\/vaubanlabs.com\/index.php\/wp-json\/wp\/v2\/media?parent=5"}],"curies":[{"name":"wp","href":"https:\/\/api.w.org\/{rel}","templated":true}]}}