{"id":375,"date":"2024-06-06T21:18:40","date_gmt":"2024-06-06T19:18:40","guid":{"rendered":"https:\/\/vaubanlabs.com\/?post_type=product&#038;p=375"},"modified":"2024-07-21T13:18:52","modified_gmt":"2024-07-21T11:18:52","slug":"infoguide-blockchain-2-les-enjeux","status":"publish","type":"product","link":"https:\/\/vaubanlabs.com\/index.php\/produit\/infoguide-blockchain-2-les-enjeux\/","title":{"rendered":"Infoguide Blockchain #2 : Les enjeux"},"content":{"rendered":"<p>Blockchain #2 les enjeux<\/p>\n<p>La formation \u00ab\u00a0Comprendre\u00a0\u00bb (#1 les bases et #2 les enjeux) est adapt\u00e9 \u00e0 un public novice qui souhaite avoir une vision compl\u00e8te du sujet sans s&rsquo;encombrer du jargon technique.<\/p>\n<p>La formation \u00ab\u00a0Appronfondir (#3 le vocabulaire et la technique et #4 les cas d&rsquo;usages) permet d&rsquo;avoir une connaissance pr\u00e9cise du vocabulaire et des techniques pour \u00e9changer avec des interlocuteurs exp\u00e9riment\u00e9s.<\/p>\n<p>La formation \u00ab\u00a0Ma\u00eetriser\u00a0\u00bb (#5 les fondamentaux et #6 les opportunit\u00e9s) vous permet d&rsquo;appr\u00e9cier votre compr\u00e9hension du sujet et de ses subtilit\u00e9s, de vous approprier les innovations technologiques et d&rsquo;en saisir le potentiel, vous permettant de faire vos propres choix strat\u00e9giques en la mati\u00e8re.<\/p>\n","protected":false},"excerpt":{"rendered":"<p>Blockchain #2 : Les enjeux<\/p>\n<p>cette formation d\u00e9taille davantage les applications concr\u00e8tes de la blockchain.<\/p>\n<p>La formation donne \u00e9galement acc\u00e8s \u00e0 notre serveur Discord priv\u00e9 afin de r\u00e9pondre \u00e0 toutes vos questions de mani\u00e8re personnalis\u00e9e. &hellip; <\/p>\n<p><a href=\"https:\/\/vaubanlabs.com\/index.php\/produit\/infoguide-blockchain-2-les-enjeux\/\" class=\"more-link\">Continue reading<span class=\"screen-reader-text\">Infoguide Blockchain #2 : Les enjeux<\/span><\/a><\/p>\n","protected":false},"featured_media":532,"comment_status":"closed","ping_status":"closed","template":"","meta":[],"product_brand":[],"product_cat":[23],"product_tag":[],"class_list":{"0":"post-375","1":"product","2":"type-product","3":"status-publish","4":"has-post-thumbnail","6":"product_cat-blockchain","8":"first","9":"instock","10":"downloadable","11":"virtual","12":"taxable","13":"purchasable","14":"product-type-simple"},"yoast_head":"<!-- This site is optimized with the Yoast SEO plugin v27.4 - https:\/\/yoast.com\/product\/yoast-seo-wordpress\/ -->\n<title>Infoguide Blockchain #2 : Les enjeux - VaubanLabs<\/title>\n<meta name=\"description\" content=\"La formation &quot;Comprendre&quot; (#1 les bases et #2 les enjeux) vise un public novice qui souhaite avoir une vision compl\u00e8te du sujet sans jargon technique\" \/>\n<meta name=\"robots\" content=\"index, follow, max-snippet:-1, max-image-preview:large, max-video-preview:-1\" \/>\n<link rel=\"canonical\" href=\"https:\/\/vaubanlabs.com\/index.php\/produit\/infoguide-blockchain-2-les-enjeux\/\" \/>\n<meta property=\"og:locale\" content=\"fr_FR\" \/>\n<meta property=\"og:type\" content=\"article\" \/>\n<meta property=\"og:title\" content=\"Infoguide Blockchain #2 : Les enjeux - VaubanLabs\" \/>\n<meta property=\"og:description\" content=\"La formation &quot;Comprendre&quot; (#1 les bases et #2 les enjeux) vise un public novice qui souhaite avoir une vision compl\u00e8te du sujet sans jargon technique\" \/>\n<meta property=\"og:url\" content=\"https:\/\/vaubanlabs.com\/index.php\/produit\/infoguide-blockchain-2-les-enjeux\/\" \/>\n<meta property=\"og:site_name\" content=\"VaubanLabs\" \/>\n<meta property=\"article:modified_time\" content=\"2024-07-21T11:18:52+00:00\" \/>\n<meta property=\"og:image\" content=\"https:\/\/vaubanlabs.com\/wp-content\/uploads\/2024\/07\/illustration-blockchain.jpg\" \/>\n\t<meta property=\"og:image:width\" content=\"1348\" \/>\n\t<meta property=\"og:image:height\" content=\"1246\" \/>\n\t<meta property=\"og:image:type\" content=\"image\/jpeg\" \/>\n<meta name=\"twitter:card\" content=\"summary_large_image\" \/>\n<meta name=\"twitter:site\" content=\"@vaubanlabs\" \/>\n<meta name=\"twitter:label1\" content=\"Dur\u00e9e de lecture estim\u00e9e\" \/>\n\t<meta name=\"twitter:data1\" content=\"1 minute\" \/>\n<script type=\"application\/ld+json\" class=\"yoast-schema-graph\">{\"@context\":\"https:\\\/\\\/schema.org\",\"@graph\":[{\"@type\":\"WebPage\",\"@id\":\"https:\\\/\\\/vaubanlabs.com\\\/index.php\\\/produit\\\/infoguide-blockchain-2-les-enjeux\\\/\",\"url\":\"https:\\\/\\\/vaubanlabs.com\\\/index.php\\\/produit\\\/infoguide-blockchain-2-les-enjeux\\\/\",\"name\":\"Infoguide Blockchain #2 : Les enjeux - VaubanLabs\",\"isPartOf\":{\"@id\":\"https:\\\/\\\/vaubanlabs.com\\\/#website\"},\"primaryImageOfPage\":{\"@id\":\"https:\\\/\\\/vaubanlabs.com\\\/index.php\\\/produit\\\/infoguide-blockchain-2-les-enjeux\\\/#primaryimage\"},\"image\":{\"@id\":\"https:\\\/\\\/vaubanlabs.com\\\/index.php\\\/produit\\\/infoguide-blockchain-2-les-enjeux\\\/#primaryimage\"},\"thumbnailUrl\":\"https:\\\/\\\/i0.wp.com\\\/vaubanlabs.com\\\/wp-content\\\/uploads\\\/2024\\\/07\\\/illustration-blockchain.jpg?fit=1348%2C1246&ssl=1\",\"datePublished\":\"2024-06-06T19:18:40+00:00\",\"dateModified\":\"2024-07-21T11:18:52+00:00\",\"description\":\"La formation \\\"Comprendre\\\" (#1 les bases et #2 les enjeux) vise un public novice qui souhaite avoir une vision compl\u00e8te du sujet sans jargon technique\",\"breadcrumb\":{\"@id\":\"https:\\\/\\\/vaubanlabs.com\\\/index.php\\\/produit\\\/infoguide-blockchain-2-les-enjeux\\\/#breadcrumb\"},\"inLanguage\":\"fr-FR\",\"potentialAction\":[{\"@type\":\"ReadAction\",\"target\":[\"https:\\\/\\\/vaubanlabs.com\\\/index.php\\\/produit\\\/infoguide-blockchain-2-les-enjeux\\\/\"]}]},{\"@type\":\"ImageObject\",\"inLanguage\":\"fr-FR\",\"@id\":\"https:\\\/\\\/vaubanlabs.com\\\/index.php\\\/produit\\\/infoguide-blockchain-2-les-enjeux\\\/#primaryimage\",\"url\":\"https:\\\/\\\/i0.wp.com\\\/vaubanlabs.com\\\/wp-content\\\/uploads\\\/2024\\\/07\\\/illustration-blockchain.jpg?fit=1348%2C1246&ssl=1\",\"contentUrl\":\"https:\\\/\\\/i0.wp.com\\\/vaubanlabs.com\\\/wp-content\\\/uploads\\\/2024\\\/07\\\/illustration-blockchain.jpg?fit=1348%2C1246&ssl=1\",\"width\":1348,\"height\":1246,\"caption\":\"Screenshot\"},{\"@type\":\"BreadcrumbList\",\"@id\":\"https:\\\/\\\/vaubanlabs.com\\\/index.php\\\/produit\\\/infoguide-blockchain-2-les-enjeux\\\/#breadcrumb\",\"itemListElement\":[{\"@type\":\"ListItem\",\"position\":1,\"name\":\"Home\",\"item\":\"https:\\\/\\\/vaubanlabs.com\\\/\"},{\"@type\":\"ListItem\",\"position\":2,\"name\":\"Boutique\",\"item\":\"https:\\\/\\\/vaubanlabs.com\\\/index.php\\\/boutique\\\/\"},{\"@type\":\"ListItem\",\"position\":3,\"name\":\"Infoguide Blockchain #2 : Les enjeux\"}]},{\"@type\":\"WebSite\",\"@id\":\"https:\\\/\\\/vaubanlabs.com\\\/#website\",\"url\":\"https:\\\/\\\/vaubanlabs.com\\\/\",\"name\":\"VaubanLabs\",\"description\":\"L&#039;architecte de vos solutions\",\"publisher\":{\"@id\":\"https:\\\/\\\/vaubanlabs.com\\\/#organization\"},\"potentialAction\":[{\"@type\":\"SearchAction\",\"target\":{\"@type\":\"EntryPoint\",\"urlTemplate\":\"https:\\\/\\\/vaubanlabs.com\\\/?s={search_term_string}\"},\"query-input\":{\"@type\":\"PropertyValueSpecification\",\"valueRequired\":true,\"valueName\":\"search_term_string\"}}],\"inLanguage\":\"fr-FR\"},{\"@type\":\"Organization\",\"@id\":\"https:\\\/\\\/vaubanlabs.com\\\/#organization\",\"name\":\"VaubanLabs\",\"url\":\"https:\\\/\\\/vaubanlabs.com\\\/\",\"logo\":{\"@type\":\"ImageObject\",\"inLanguage\":\"fr-FR\",\"@id\":\"https:\\\/\\\/vaubanlabs.com\\\/#\\\/schema\\\/logo\\\/image\\\/\",\"url\":\"https:\\\/\\\/vaubanlabs.com\\\/wp-content\\\/uploads\\\/2024\\\/01\\\/cropped-Capture-decran-2024-01-27-a-14.43.17-3.png\",\"contentUrl\":\"https:\\\/\\\/vaubanlabs.com\\\/wp-content\\\/uploads\\\/2024\\\/01\\\/cropped-Capture-decran-2024-01-27-a-14.43.17-3.png\",\"width\":512,\"height\":512,\"caption\":\"VaubanLabs\"},\"image\":{\"@id\":\"https:\\\/\\\/vaubanlabs.com\\\/#\\\/schema\\\/logo\\\/image\\\/\"},\"sameAs\":[\"https:\\\/\\\/x.com\\\/vaubanlabs\"]}]}<\/script>\n<!-- \/ Yoast SEO plugin. -->","yoast_head_json":{"title":"Infoguide Blockchain #2 : Les enjeux - VaubanLabs","description":"La formation \"Comprendre\" (#1 les bases et #2 les enjeux) vise un public novice qui souhaite avoir une vision compl\u00e8te du sujet sans jargon technique","robots":{"index":"index","follow":"follow","max-snippet":"max-snippet:-1","max-image-preview":"max-image-preview:large","max-video-preview":"max-video-preview:-1"},"canonical":"https:\/\/vaubanlabs.com\/index.php\/produit\/infoguide-blockchain-2-les-enjeux\/","og_locale":"fr_FR","og_type":"article","og_title":"Infoguide Blockchain #2 : Les enjeux - VaubanLabs","og_description":"La formation \"Comprendre\" (#1 les bases et #2 les enjeux) vise un public novice qui souhaite avoir une vision compl\u00e8te du sujet sans jargon technique","og_url":"https:\/\/vaubanlabs.com\/index.php\/produit\/infoguide-blockchain-2-les-enjeux\/","og_site_name":"VaubanLabs","article_modified_time":"2024-07-21T11:18:52+00:00","og_image":[{"width":1348,"height":1246,"url":"https:\/\/vaubanlabs.com\/wp-content\/uploads\/2024\/07\/illustration-blockchain.jpg","type":"image\/jpeg"}],"twitter_card":"summary_large_image","twitter_site":"@vaubanlabs","twitter_misc":{"Dur\u00e9e de lecture estim\u00e9e":"1 minute"},"schema":{"@context":"https:\/\/schema.org","@graph":[{"@type":"WebPage","@id":"https:\/\/vaubanlabs.com\/index.php\/produit\/infoguide-blockchain-2-les-enjeux\/","url":"https:\/\/vaubanlabs.com\/index.php\/produit\/infoguide-blockchain-2-les-enjeux\/","name":"Infoguide Blockchain #2 : Les enjeux - VaubanLabs","isPartOf":{"@id":"https:\/\/vaubanlabs.com\/#website"},"primaryImageOfPage":{"@id":"https:\/\/vaubanlabs.com\/index.php\/produit\/infoguide-blockchain-2-les-enjeux\/#primaryimage"},"image":{"@id":"https:\/\/vaubanlabs.com\/index.php\/produit\/infoguide-blockchain-2-les-enjeux\/#primaryimage"},"thumbnailUrl":"https:\/\/i0.wp.com\/vaubanlabs.com\/wp-content\/uploads\/2024\/07\/illustration-blockchain.jpg?fit=1348%2C1246&ssl=1","datePublished":"2024-06-06T19:18:40+00:00","dateModified":"2024-07-21T11:18:52+00:00","description":"La formation \"Comprendre\" (#1 les bases et #2 les enjeux) vise un public novice qui souhaite avoir une vision compl\u00e8te du sujet sans jargon technique","breadcrumb":{"@id":"https:\/\/vaubanlabs.com\/index.php\/produit\/infoguide-blockchain-2-les-enjeux\/#breadcrumb"},"inLanguage":"fr-FR","potentialAction":[{"@type":"ReadAction","target":["https:\/\/vaubanlabs.com\/index.php\/produit\/infoguide-blockchain-2-les-enjeux\/"]}]},{"@type":"ImageObject","inLanguage":"fr-FR","@id":"https:\/\/vaubanlabs.com\/index.php\/produit\/infoguide-blockchain-2-les-enjeux\/#primaryimage","url":"https:\/\/i0.wp.com\/vaubanlabs.com\/wp-content\/uploads\/2024\/07\/illustration-blockchain.jpg?fit=1348%2C1246&ssl=1","contentUrl":"https:\/\/i0.wp.com\/vaubanlabs.com\/wp-content\/uploads\/2024\/07\/illustration-blockchain.jpg?fit=1348%2C1246&ssl=1","width":1348,"height":1246,"caption":"Screenshot"},{"@type":"BreadcrumbList","@id":"https:\/\/vaubanlabs.com\/index.php\/produit\/infoguide-blockchain-2-les-enjeux\/#breadcrumb","itemListElement":[{"@type":"ListItem","position":1,"name":"Home","item":"https:\/\/vaubanlabs.com\/"},{"@type":"ListItem","position":2,"name":"Boutique","item":"https:\/\/vaubanlabs.com\/index.php\/boutique\/"},{"@type":"ListItem","position":3,"name":"Infoguide Blockchain #2 : Les enjeux"}]},{"@type":"WebSite","@id":"https:\/\/vaubanlabs.com\/#website","url":"https:\/\/vaubanlabs.com\/","name":"VaubanLabs","description":"L&#039;architecte de vos solutions","publisher":{"@id":"https:\/\/vaubanlabs.com\/#organization"},"potentialAction":[{"@type":"SearchAction","target":{"@type":"EntryPoint","urlTemplate":"https:\/\/vaubanlabs.com\/?s={search_term_string}"},"query-input":{"@type":"PropertyValueSpecification","valueRequired":true,"valueName":"search_term_string"}}],"inLanguage":"fr-FR"},{"@type":"Organization","@id":"https:\/\/vaubanlabs.com\/#organization","name":"VaubanLabs","url":"https:\/\/vaubanlabs.com\/","logo":{"@type":"ImageObject","inLanguage":"fr-FR","@id":"https:\/\/vaubanlabs.com\/#\/schema\/logo\/image\/","url":"https:\/\/vaubanlabs.com\/wp-content\/uploads\/2024\/01\/cropped-Capture-decran-2024-01-27-a-14.43.17-3.png","contentUrl":"https:\/\/vaubanlabs.com\/wp-content\/uploads\/2024\/01\/cropped-Capture-decran-2024-01-27-a-14.43.17-3.png","width":512,"height":512,"caption":"VaubanLabs"},"image":{"@id":"https:\/\/vaubanlabs.com\/#\/schema\/logo\/image\/"},"sameAs":["https:\/\/x.com\/vaubanlabs"]}]}},"jetpack_sharing_enabled":true,"_links":{"self":[{"href":"https:\/\/vaubanlabs.com\/index.php\/wp-json\/wp\/v2\/product\/375","targetHints":{"allow":["GET"]}}],"collection":[{"href":"https:\/\/vaubanlabs.com\/index.php\/wp-json\/wp\/v2\/product"}],"about":[{"href":"https:\/\/vaubanlabs.com\/index.php\/wp-json\/wp\/v2\/types\/product"}],"replies":[{"embeddable":true,"href":"https:\/\/vaubanlabs.com\/index.php\/wp-json\/wp\/v2\/comments?post=375"}],"wp:featuredmedia":[{"embeddable":true,"href":"https:\/\/vaubanlabs.com\/index.php\/wp-json\/wp\/v2\/media\/532"}],"wp:attachment":[{"href":"https:\/\/vaubanlabs.com\/index.php\/wp-json\/wp\/v2\/media?parent=375"}],"wp:term":[{"taxonomy":"product_brand","embeddable":true,"href":"https:\/\/vaubanlabs.com\/index.php\/wp-json\/wp\/v2\/product_brand?post=375"},{"taxonomy":"product_cat","embeddable":true,"href":"https:\/\/vaubanlabs.com\/index.php\/wp-json\/wp\/v2\/product_cat?post=375"},{"taxonomy":"product_tag","embeddable":true,"href":"https:\/\/vaubanlabs.com\/index.php\/wp-json\/wp\/v2\/product_tag?post=375"}],"curies":[{"name":"wp","href":"https:\/\/api.w.org\/{rel}","templated":true}]}}