{"id":467,"date":"2024-07-18T15:47:35","date_gmt":"2024-07-18T13:47:35","guid":{"rendered":"https:\/\/vaubanlabs.com\/?post_type=product&#038;p=467"},"modified":"2024-07-21T13:18:18","modified_gmt":"2024-07-21T11:18:18","slug":"infoguide-blockchain-3-les-bases-du-vocabulaire-et-de-la-technique","status":"publish","type":"product","link":"https:\/\/vaubanlabs.com\/index.php\/produit\/infoguide-blockchain-3-les-bases-du-vocabulaire-et-de-la-technique\/","title":{"rendered":"Infoguide Blockchain #3 : Les bases du vocabulaire et de la technique"},"content":{"rendered":"<div class=\"ql-block\" data-block-id=\"block-f8514401-4905-40ce-8a20-b05ae2419349\">Blockchain : L\u2019approfondissement des connaissances utiles et pratiques<\/div>\n<div data-block-id=\"block-f8514401-4905-40ce-8a20-b05ae2419349\"><\/div>\n<div class=\"ql-block\" data-block-id=\"block-953761d0-644a-4bbc-abcc-bfba03ffbe31\"><strong>#3 Les Bases du vocabulaire et du fonctionnement de la technologie Blockchain<\/strong>, <strong>25 minutes<\/strong><\/div>\n<div class=\"ql-block\" data-block-id=\"block-7b0aa932-7c65-4f3a-8cb0-65acf927fd17\">Approfondissement &#8211; Facile &#8211; Rapide<em>\u00a0<\/em><\/div>\n<div data-block-id=\"block-7b0aa932-7c65-4f3a-8cb0-65acf927fd17\"><\/div>\n<ul>\n<li class=\"ql-block\" data-block-id=\"block-41309f60-ef13-4276-8553-33a91e51266e\">A notre \u00e9poque, compte tenu de l&rsquo;importance croissante de cette technologie dans divers secteurs, au-del\u00e0 de comprendre, il est fondamental d\u2019approfondir.<\/li>\n<\/ul>\n<div data-block-id=\"block-41309f60-ef13-4276-8553-33a91e51266e\"><\/div>\n<ul>\n<li class=\"ql-block\" data-block-id=\"block-41309f60-ef13-4276-8553-33a91e51266e\">Comment fonctionne la blockchain ? Les composantes cl\u00e9s de la Blockchain ?<\/li>\n<\/ul>\n<div data-block-id=\"block-41309f60-ef13-4276-8553-33a91e51266e\"><\/div>\n<div class=\"ql-block\" data-block-id=\"block-2ae0a50a-8ffb-496c-8359-3a97823afa07\">Une explication simplifi\u00e9e avec des exemples pr\u00e9cisant les concepts de Blocs, cha\u00eenes, mineurs, et consensus; ou encore les types de blockchain : publique, priv\u00e9e, consortium. Une d\u00e9finition de cl\u00e9s priv\u00e9es et publiques; ou des smart contracts.<\/div>\n<p>La formation donne \u00e9galement acc\u00e8s \u00e0 notre serveur Discord priv\u00e9 afin de r\u00e9pondre \u00e0 toutes vos questions de mani\u00e8re personnalis\u00e9e.<\/p>\n","protected":false},"excerpt":{"rendered":"<div class=\"ql-block\" data-block-id=\"block-f8514401-4905-40ce-8a20-b05ae2419349\">Blockchain : L\u2019approfondissement des connaissances utiles et pratiques<\/div>\n<div data-block-id=\"block-f8514401-4905-40ce-8a20-b05ae2419349\"><\/div>\n<div class=\"ql-block\" data-block-id=\"block-953761d0-644a-4bbc-abcc-bfba03ffbe31\"><strong>#3 Les Bases du vocabulaire et du fonctionnement de la technologie Blockchain<\/strong>, <strong>25 minutes<\/strong><\/div>\n<div class=\"ql-block\" data-block-id=\"block-7b0aa932-7c65-4f3a-8cb0-65acf927fd17\">Approfondissement &#8211; Facile &#8211; Rapide<em>\u00a0<\/em><\/div>\n<div data-block-id=\"block-7b0aa932-7c65-4f3a-8cb0-65acf927fd17\"><\/div>\n<div data-block-id=\"block-7b0aa932-7c65-4f3a-8cb0-65acf927fd17\">La formation donne \u00e9galement acc\u00e8s \u00e0 notre serveur Discord priv\u00e9 afin de r\u00e9pondre \u00e0 toutes vos questions de mani\u00e8re personnalis\u00e9e.<\/div>\n<p> &hellip; <\/p>\n<p><a href=\"https:\/\/vaubanlabs.com\/index.php\/produit\/infoguide-blockchain-3-les-bases-du-vocabulaire-et-de-la-technique\/\" class=\"more-link\">Continue reading<span class=\"screen-reader-text\">Infoguide Blockchain #3 : Les bases du vocabulaire et de la technique<\/span><\/a><\/p>\n","protected":false},"featured_media":532,"comment_status":"closed","ping_status":"closed","template":"","meta":[],"product_brand":[],"product_cat":[23],"product_tag":[],"class_list":{"0":"post-467","1":"product","2":"type-product","3":"status-publish","4":"has-post-thumbnail","6":"product_cat-blockchain","8":"first","9":"instock","10":"downloadable","11":"virtual","12":"taxable","13":"purchasable","14":"product-type-simple"},"yoast_head":"<!-- This site is optimized with the Yoast SEO plugin v27.4 - https:\/\/yoast.com\/product\/yoast-seo-wordpress\/ -->\n<title>Infoguide Blockchain #3 : Les bases du vocabulaire et de la technique<\/title>\n<meta name=\"description\" content=\"Ce module n\u00b03 introduit le vocabulaire technique et sp\u00e9cifique \u00e0 la blockchain, permettant une meilleure compr\u00e9hension g\u00e9n\u00e9rale de la technologie.\" \/>\n<meta name=\"robots\" content=\"index, follow, max-snippet:-1, max-image-preview:large, max-video-preview:-1\" \/>\n<link rel=\"canonical\" href=\"https:\/\/vaubanlabs.com\/index.php\/produit\/infoguide-blockchain-3-les-bases-du-vocabulaire-et-de-la-technique\/\" \/>\n<meta property=\"og:locale\" content=\"fr_FR\" \/>\n<meta property=\"og:type\" content=\"article\" \/>\n<meta property=\"og:title\" content=\"Infoguide Blockchain #3 : Les bases du vocabulaire et de la technique\" \/>\n<meta property=\"og:description\" content=\"Ce module n\u00b03 introduit le vocabulaire technique et sp\u00e9cifique \u00e0 la blockchain, permettant une meilleure compr\u00e9hension g\u00e9n\u00e9rale de la technologie.\" \/>\n<meta property=\"og:url\" content=\"https:\/\/vaubanlabs.com\/index.php\/produit\/infoguide-blockchain-3-les-bases-du-vocabulaire-et-de-la-technique\/\" \/>\n<meta property=\"og:site_name\" content=\"VaubanLabs\" \/>\n<meta property=\"article:modified_time\" content=\"2024-07-21T11:18:18+00:00\" \/>\n<meta property=\"og:image\" content=\"https:\/\/vaubanlabs.com\/wp-content\/uploads\/2024\/07\/illustration-blockchain.jpg\" \/>\n\t<meta property=\"og:image:width\" content=\"1348\" \/>\n\t<meta property=\"og:image:height\" content=\"1246\" \/>\n\t<meta property=\"og:image:type\" content=\"image\/jpeg\" \/>\n<meta name=\"twitter:card\" content=\"summary_large_image\" \/>\n<meta name=\"twitter:site\" content=\"@vaubanlabs\" \/>\n<meta name=\"twitter:label1\" content=\"Dur\u00e9e de lecture estim\u00e9e\" \/>\n\t<meta name=\"twitter:data1\" content=\"1 minute\" \/>\n<script type=\"application\/ld+json\" class=\"yoast-schema-graph\">{\"@context\":\"https:\\\/\\\/schema.org\",\"@graph\":[{\"@type\":\"WebPage\",\"@id\":\"https:\\\/\\\/vaubanlabs.com\\\/index.php\\\/produit\\\/infoguide-blockchain-3-les-bases-du-vocabulaire-et-de-la-technique\\\/\",\"url\":\"https:\\\/\\\/vaubanlabs.com\\\/index.php\\\/produit\\\/infoguide-blockchain-3-les-bases-du-vocabulaire-et-de-la-technique\\\/\",\"name\":\"Infoguide Blockchain #3 : Les bases du vocabulaire et de la technique\",\"isPartOf\":{\"@id\":\"https:\\\/\\\/vaubanlabs.com\\\/#website\"},\"primaryImageOfPage\":{\"@id\":\"https:\\\/\\\/vaubanlabs.com\\\/index.php\\\/produit\\\/infoguide-blockchain-3-les-bases-du-vocabulaire-et-de-la-technique\\\/#primaryimage\"},\"image\":{\"@id\":\"https:\\\/\\\/vaubanlabs.com\\\/index.php\\\/produit\\\/infoguide-blockchain-3-les-bases-du-vocabulaire-et-de-la-technique\\\/#primaryimage\"},\"thumbnailUrl\":\"https:\\\/\\\/i0.wp.com\\\/vaubanlabs.com\\\/wp-content\\\/uploads\\\/2024\\\/07\\\/illustration-blockchain.jpg?fit=1348%2C1246&ssl=1\",\"datePublished\":\"2024-07-18T13:47:35+00:00\",\"dateModified\":\"2024-07-21T11:18:18+00:00\",\"description\":\"Ce module n\u00b03 introduit le vocabulaire technique et sp\u00e9cifique \u00e0 la blockchain, permettant une meilleure compr\u00e9hension g\u00e9n\u00e9rale de la technologie.\",\"breadcrumb\":{\"@id\":\"https:\\\/\\\/vaubanlabs.com\\\/index.php\\\/produit\\\/infoguide-blockchain-3-les-bases-du-vocabulaire-et-de-la-technique\\\/#breadcrumb\"},\"inLanguage\":\"fr-FR\",\"potentialAction\":[{\"@type\":\"ReadAction\",\"target\":[\"https:\\\/\\\/vaubanlabs.com\\\/index.php\\\/produit\\\/infoguide-blockchain-3-les-bases-du-vocabulaire-et-de-la-technique\\\/\"]}]},{\"@type\":\"ImageObject\",\"inLanguage\":\"fr-FR\",\"@id\":\"https:\\\/\\\/vaubanlabs.com\\\/index.php\\\/produit\\\/infoguide-blockchain-3-les-bases-du-vocabulaire-et-de-la-technique\\\/#primaryimage\",\"url\":\"https:\\\/\\\/i0.wp.com\\\/vaubanlabs.com\\\/wp-content\\\/uploads\\\/2024\\\/07\\\/illustration-blockchain.jpg?fit=1348%2C1246&ssl=1\",\"contentUrl\":\"https:\\\/\\\/i0.wp.com\\\/vaubanlabs.com\\\/wp-content\\\/uploads\\\/2024\\\/07\\\/illustration-blockchain.jpg?fit=1348%2C1246&ssl=1\",\"width\":1348,\"height\":1246,\"caption\":\"Screenshot\"},{\"@type\":\"BreadcrumbList\",\"@id\":\"https:\\\/\\\/vaubanlabs.com\\\/index.php\\\/produit\\\/infoguide-blockchain-3-les-bases-du-vocabulaire-et-de-la-technique\\\/#breadcrumb\",\"itemListElement\":[{\"@type\":\"ListItem\",\"position\":1,\"name\":\"Home\",\"item\":\"https:\\\/\\\/vaubanlabs.com\\\/\"},{\"@type\":\"ListItem\",\"position\":2,\"name\":\"Boutique\",\"item\":\"https:\\\/\\\/vaubanlabs.com\\\/index.php\\\/boutique\\\/\"},{\"@type\":\"ListItem\",\"position\":3,\"name\":\"Infoguide Blockchain #3 : Les bases du vocabulaire et de la technique\"}]},{\"@type\":\"WebSite\",\"@id\":\"https:\\\/\\\/vaubanlabs.com\\\/#website\",\"url\":\"https:\\\/\\\/vaubanlabs.com\\\/\",\"name\":\"VaubanLabs\",\"description\":\"L&#039;architecte de vos solutions\",\"publisher\":{\"@id\":\"https:\\\/\\\/vaubanlabs.com\\\/#organization\"},\"potentialAction\":[{\"@type\":\"SearchAction\",\"target\":{\"@type\":\"EntryPoint\",\"urlTemplate\":\"https:\\\/\\\/vaubanlabs.com\\\/?s={search_term_string}\"},\"query-input\":{\"@type\":\"PropertyValueSpecification\",\"valueRequired\":true,\"valueName\":\"search_term_string\"}}],\"inLanguage\":\"fr-FR\"},{\"@type\":\"Organization\",\"@id\":\"https:\\\/\\\/vaubanlabs.com\\\/#organization\",\"name\":\"VaubanLabs\",\"url\":\"https:\\\/\\\/vaubanlabs.com\\\/\",\"logo\":{\"@type\":\"ImageObject\",\"inLanguage\":\"fr-FR\",\"@id\":\"https:\\\/\\\/vaubanlabs.com\\\/#\\\/schema\\\/logo\\\/image\\\/\",\"url\":\"https:\\\/\\\/vaubanlabs.com\\\/wp-content\\\/uploads\\\/2024\\\/01\\\/cropped-Capture-decran-2024-01-27-a-14.43.17-3.png\",\"contentUrl\":\"https:\\\/\\\/vaubanlabs.com\\\/wp-content\\\/uploads\\\/2024\\\/01\\\/cropped-Capture-decran-2024-01-27-a-14.43.17-3.png\",\"width\":512,\"height\":512,\"caption\":\"VaubanLabs\"},\"image\":{\"@id\":\"https:\\\/\\\/vaubanlabs.com\\\/#\\\/schema\\\/logo\\\/image\\\/\"},\"sameAs\":[\"https:\\\/\\\/x.com\\\/vaubanlabs\"]}]}<\/script>\n<!-- \/ Yoast SEO plugin. -->","yoast_head_json":{"title":"Infoguide Blockchain #3 : Les bases du vocabulaire et de la technique","description":"Ce module n\u00b03 introduit le vocabulaire technique et sp\u00e9cifique \u00e0 la blockchain, permettant une meilleure compr\u00e9hension g\u00e9n\u00e9rale de la technologie.","robots":{"index":"index","follow":"follow","max-snippet":"max-snippet:-1","max-image-preview":"max-image-preview:large","max-video-preview":"max-video-preview:-1"},"canonical":"https:\/\/vaubanlabs.com\/index.php\/produit\/infoguide-blockchain-3-les-bases-du-vocabulaire-et-de-la-technique\/","og_locale":"fr_FR","og_type":"article","og_title":"Infoguide Blockchain #3 : Les bases du vocabulaire et de la technique","og_description":"Ce module n\u00b03 introduit le vocabulaire technique et sp\u00e9cifique \u00e0 la blockchain, permettant une meilleure compr\u00e9hension g\u00e9n\u00e9rale de la technologie.","og_url":"https:\/\/vaubanlabs.com\/index.php\/produit\/infoguide-blockchain-3-les-bases-du-vocabulaire-et-de-la-technique\/","og_site_name":"VaubanLabs","article_modified_time":"2024-07-21T11:18:18+00:00","og_image":[{"width":1348,"height":1246,"url":"https:\/\/vaubanlabs.com\/wp-content\/uploads\/2024\/07\/illustration-blockchain.jpg","type":"image\/jpeg"}],"twitter_card":"summary_large_image","twitter_site":"@vaubanlabs","twitter_misc":{"Dur\u00e9e de lecture estim\u00e9e":"1 minute"},"schema":{"@context":"https:\/\/schema.org","@graph":[{"@type":"WebPage","@id":"https:\/\/vaubanlabs.com\/index.php\/produit\/infoguide-blockchain-3-les-bases-du-vocabulaire-et-de-la-technique\/","url":"https:\/\/vaubanlabs.com\/index.php\/produit\/infoguide-blockchain-3-les-bases-du-vocabulaire-et-de-la-technique\/","name":"Infoguide Blockchain #3 : Les bases du vocabulaire et de la technique","isPartOf":{"@id":"https:\/\/vaubanlabs.com\/#website"},"primaryImageOfPage":{"@id":"https:\/\/vaubanlabs.com\/index.php\/produit\/infoguide-blockchain-3-les-bases-du-vocabulaire-et-de-la-technique\/#primaryimage"},"image":{"@id":"https:\/\/vaubanlabs.com\/index.php\/produit\/infoguide-blockchain-3-les-bases-du-vocabulaire-et-de-la-technique\/#primaryimage"},"thumbnailUrl":"https:\/\/i0.wp.com\/vaubanlabs.com\/wp-content\/uploads\/2024\/07\/illustration-blockchain.jpg?fit=1348%2C1246&ssl=1","datePublished":"2024-07-18T13:47:35+00:00","dateModified":"2024-07-21T11:18:18+00:00","description":"Ce module n\u00b03 introduit le vocabulaire technique et sp\u00e9cifique \u00e0 la blockchain, permettant une meilleure compr\u00e9hension g\u00e9n\u00e9rale de la technologie.","breadcrumb":{"@id":"https:\/\/vaubanlabs.com\/index.php\/produit\/infoguide-blockchain-3-les-bases-du-vocabulaire-et-de-la-technique\/#breadcrumb"},"inLanguage":"fr-FR","potentialAction":[{"@type":"ReadAction","target":["https:\/\/vaubanlabs.com\/index.php\/produit\/infoguide-blockchain-3-les-bases-du-vocabulaire-et-de-la-technique\/"]}]},{"@type":"ImageObject","inLanguage":"fr-FR","@id":"https:\/\/vaubanlabs.com\/index.php\/produit\/infoguide-blockchain-3-les-bases-du-vocabulaire-et-de-la-technique\/#primaryimage","url":"https:\/\/i0.wp.com\/vaubanlabs.com\/wp-content\/uploads\/2024\/07\/illustration-blockchain.jpg?fit=1348%2C1246&ssl=1","contentUrl":"https:\/\/i0.wp.com\/vaubanlabs.com\/wp-content\/uploads\/2024\/07\/illustration-blockchain.jpg?fit=1348%2C1246&ssl=1","width":1348,"height":1246,"caption":"Screenshot"},{"@type":"BreadcrumbList","@id":"https:\/\/vaubanlabs.com\/index.php\/produit\/infoguide-blockchain-3-les-bases-du-vocabulaire-et-de-la-technique\/#breadcrumb","itemListElement":[{"@type":"ListItem","position":1,"name":"Home","item":"https:\/\/vaubanlabs.com\/"},{"@type":"ListItem","position":2,"name":"Boutique","item":"https:\/\/vaubanlabs.com\/index.php\/boutique\/"},{"@type":"ListItem","position":3,"name":"Infoguide Blockchain #3 : Les bases du vocabulaire et de la technique"}]},{"@type":"WebSite","@id":"https:\/\/vaubanlabs.com\/#website","url":"https:\/\/vaubanlabs.com\/","name":"VaubanLabs","description":"L&#039;architecte de vos solutions","publisher":{"@id":"https:\/\/vaubanlabs.com\/#organization"},"potentialAction":[{"@type":"SearchAction","target":{"@type":"EntryPoint","urlTemplate":"https:\/\/vaubanlabs.com\/?s={search_term_string}"},"query-input":{"@type":"PropertyValueSpecification","valueRequired":true,"valueName":"search_term_string"}}],"inLanguage":"fr-FR"},{"@type":"Organization","@id":"https:\/\/vaubanlabs.com\/#organization","name":"VaubanLabs","url":"https:\/\/vaubanlabs.com\/","logo":{"@type":"ImageObject","inLanguage":"fr-FR","@id":"https:\/\/vaubanlabs.com\/#\/schema\/logo\/image\/","url":"https:\/\/vaubanlabs.com\/wp-content\/uploads\/2024\/01\/cropped-Capture-decran-2024-01-27-a-14.43.17-3.png","contentUrl":"https:\/\/vaubanlabs.com\/wp-content\/uploads\/2024\/01\/cropped-Capture-decran-2024-01-27-a-14.43.17-3.png","width":512,"height":512,"caption":"VaubanLabs"},"image":{"@id":"https:\/\/vaubanlabs.com\/#\/schema\/logo\/image\/"},"sameAs":["https:\/\/x.com\/vaubanlabs"]}]}},"jetpack_sharing_enabled":true,"_links":{"self":[{"href":"https:\/\/vaubanlabs.com\/index.php\/wp-json\/wp\/v2\/product\/467","targetHints":{"allow":["GET"]}}],"collection":[{"href":"https:\/\/vaubanlabs.com\/index.php\/wp-json\/wp\/v2\/product"}],"about":[{"href":"https:\/\/vaubanlabs.com\/index.php\/wp-json\/wp\/v2\/types\/product"}],"replies":[{"embeddable":true,"href":"https:\/\/vaubanlabs.com\/index.php\/wp-json\/wp\/v2\/comments?post=467"}],"wp:featuredmedia":[{"embeddable":true,"href":"https:\/\/vaubanlabs.com\/index.php\/wp-json\/wp\/v2\/media\/532"}],"wp:attachment":[{"href":"https:\/\/vaubanlabs.com\/index.php\/wp-json\/wp\/v2\/media?parent=467"}],"wp:term":[{"taxonomy":"product_brand","embeddable":true,"href":"https:\/\/vaubanlabs.com\/index.php\/wp-json\/wp\/v2\/product_brand?post=467"},{"taxonomy":"product_cat","embeddable":true,"href":"https:\/\/vaubanlabs.com\/index.php\/wp-json\/wp\/v2\/product_cat?post=467"},{"taxonomy":"product_tag","embeddable":true,"href":"https:\/\/vaubanlabs.com\/index.php\/wp-json\/wp\/v2\/product_tag?post=467"}],"curies":[{"name":"wp","href":"https:\/\/api.w.org\/{rel}","templated":true}]}}