{"id":841,"date":"2024-09-30T17:02:58","date_gmt":"2024-09-30T15:02:58","guid":{"rendered":"https:\/\/vaubanlabs.com\/?post_type=product&#038;p=841"},"modified":"2024-09-30T17:02:58","modified_gmt":"2024-09-30T15:02:58","slug":"infoguide-blockchain-4-les-cas-dusages-avances","status":"publish","type":"product","link":"https:\/\/vaubanlabs.com\/index.php\/produit\/infoguide-blockchain-4-les-cas-dusages-avances\/","title":{"rendered":"Infoguide Blockchain #4 : Les cas d&rsquo;usages avanc\u00e9s"},"content":{"rendered":"<p class=\"p1\"><span class=\"s1\"><b>Blockchain : L\u2019approfondissement des connaissances utiles et pratiques<\/b><\/span><\/p>\n<p class=\"p2\"><b>#4 Les cas d\u2019usages avanc\u00e9s <\/b>de la technologie Blockchain, 25 minutes<\/p>\n<p class=\"p2\">Approfondissement &#8211; Facile &#8211; Rapide<\/p>\n<p class=\"p2\">Vous connaissez d\u00e9sormais l\u2019origine et les enjeux de cette technologie (modules #1 &amp; #2), ainsi qu\u2019un vocabulaire plus sp\u00e9cifique (module #3), il est important de vous permettre d\u2019approfondir davantage ce sujet en d\u00e9couvrant les cas d\u2019usages les plus populaires. Qu\u2019est-ce que la DeFi et les NFT ?<\/p>\n<p class=\"p2\">Quelles applications sont devenues possibles par cette technologie ?<\/p>\n<p class=\"p2\">Une d\u00e9couverte concr\u00e8te des diff\u00e9rentes Blockchain comme Bitcoin et Ethereum, de l\u2019apport des tokens et des cryptomonnaies, les nouvelles opportunit\u00e9s offertes par les smart contracts, ICO, la tok\u00e9nisation\u2026.<\/p>\n","protected":false},"excerpt":{"rendered":"<p class=\"p1\"><span class=\"s1\"><b>Blockchain : L\u2019approfondissement des connaissances utiles et pratiques<\/b><\/span><\/p>\n<p class=\"p2\"><b>#4 Les cas d\u2019usages avanc\u00e9s <\/b>de la technologie Blockchain, 25 minutes<\/p>\n<p class=\"p2\">Approfondissement &#8211; Facile &#8211; Rapide<\/p>\n<p> &hellip; <\/p>\n<p><a href=\"https:\/\/vaubanlabs.com\/index.php\/produit\/infoguide-blockchain-4-les-cas-dusages-avances\/\" class=\"more-link\">Continue reading<span class=\"screen-reader-text\">Infoguide Blockchain #4 : Les cas d&rsquo;usages avanc\u00e9s<\/span><\/a><\/p>\n","protected":false},"featured_media":532,"comment_status":"closed","ping_status":"closed","template":"","meta":[],"product_brand":[],"product_cat":[23],"product_tag":[],"class_list":{"0":"post-841","1":"product","2":"type-product","3":"status-publish","4":"has-post-thumbnail","6":"product_cat-blockchain","8":"first","9":"instock","10":"downloadable","11":"virtual","12":"taxable","13":"purchasable","14":"product-type-simple"},"yoast_head":"<!-- This site is optimized with the Yoast SEO plugin v27.4 - https:\/\/yoast.com\/product\/yoast-seo-wordpress\/ -->\n<title>Infoguide Blockchain #4 : Les cas d&#039;usages avanc\u00e9s - VaubanLabs<\/title>\n<meta name=\"description\" content=\"Ce module n\u00b04 pr\u00e9sente les cas d&#039;usages avanc\u00e9s de la blockchain, permettant une meilleure compr\u00e9hension g\u00e9n\u00e9rale de la technologie.\" \/>\n<meta name=\"robots\" content=\"index, follow, max-snippet:-1, max-image-preview:large, max-video-preview:-1\" \/>\n<link rel=\"canonical\" href=\"https:\/\/vaubanlabs.com\/index.php\/produit\/infoguide-blockchain-4-les-cas-dusages-avances\/\" \/>\n<meta property=\"og:locale\" content=\"fr_FR\" \/>\n<meta property=\"og:type\" content=\"article\" \/>\n<meta property=\"og:title\" content=\"Infoguide Blockchain #4 : Les cas d&#039;usages avanc\u00e9s - VaubanLabs\" \/>\n<meta property=\"og:description\" content=\"Ce module n\u00b04 pr\u00e9sente les cas d&#039;usages avanc\u00e9s de la blockchain, permettant une meilleure compr\u00e9hension g\u00e9n\u00e9rale de la technologie.\" \/>\n<meta property=\"og:url\" content=\"https:\/\/vaubanlabs.com\/index.php\/produit\/infoguide-blockchain-4-les-cas-dusages-avances\/\" \/>\n<meta property=\"og:site_name\" content=\"VaubanLabs\" \/>\n<meta property=\"og:image\" content=\"https:\/\/vaubanlabs.com\/wp-content\/uploads\/2024\/07\/illustration-blockchain.jpg\" \/>\n\t<meta property=\"og:image:width\" content=\"1348\" \/>\n\t<meta property=\"og:image:height\" content=\"1246\" \/>\n\t<meta property=\"og:image:type\" content=\"image\/jpeg\" \/>\n<meta name=\"twitter:card\" content=\"summary_large_image\" \/>\n<meta name=\"twitter:site\" content=\"@vaubanlabs\" \/>\n<meta name=\"twitter:label1\" content=\"Dur\u00e9e de lecture estim\u00e9e\" \/>\n\t<meta name=\"twitter:data1\" content=\"1 minute\" \/>\n<script type=\"application\/ld+json\" class=\"yoast-schema-graph\">{\"@context\":\"https:\\\/\\\/schema.org\",\"@graph\":[{\"@type\":\"WebPage\",\"@id\":\"https:\\\/\\\/vaubanlabs.com\\\/index.php\\\/produit\\\/infoguide-blockchain-4-les-cas-dusages-avances\\\/\",\"url\":\"https:\\\/\\\/vaubanlabs.com\\\/index.php\\\/produit\\\/infoguide-blockchain-4-les-cas-dusages-avances\\\/\",\"name\":\"Infoguide Blockchain #4 : Les cas d'usages avanc\u00e9s - VaubanLabs\",\"isPartOf\":{\"@id\":\"https:\\\/\\\/vaubanlabs.com\\\/#website\"},\"primaryImageOfPage\":{\"@id\":\"https:\\\/\\\/vaubanlabs.com\\\/index.php\\\/produit\\\/infoguide-blockchain-4-les-cas-dusages-avances\\\/#primaryimage\"},\"image\":{\"@id\":\"https:\\\/\\\/vaubanlabs.com\\\/index.php\\\/produit\\\/infoguide-blockchain-4-les-cas-dusages-avances\\\/#primaryimage\"},\"thumbnailUrl\":\"https:\\\/\\\/i0.wp.com\\\/vaubanlabs.com\\\/wp-content\\\/uploads\\\/2024\\\/07\\\/illustration-blockchain.jpg?fit=1348%2C1246&ssl=1\",\"datePublished\":\"2024-09-30T15:02:58+00:00\",\"description\":\"Ce module n\u00b04 pr\u00e9sente les cas d'usages avanc\u00e9s de la blockchain, permettant une meilleure compr\u00e9hension g\u00e9n\u00e9rale de la technologie.\",\"breadcrumb\":{\"@id\":\"https:\\\/\\\/vaubanlabs.com\\\/index.php\\\/produit\\\/infoguide-blockchain-4-les-cas-dusages-avances\\\/#breadcrumb\"},\"inLanguage\":\"fr-FR\",\"potentialAction\":[{\"@type\":\"ReadAction\",\"target\":[\"https:\\\/\\\/vaubanlabs.com\\\/index.php\\\/produit\\\/infoguide-blockchain-4-les-cas-dusages-avances\\\/\"]}]},{\"@type\":\"ImageObject\",\"inLanguage\":\"fr-FR\",\"@id\":\"https:\\\/\\\/vaubanlabs.com\\\/index.php\\\/produit\\\/infoguide-blockchain-4-les-cas-dusages-avances\\\/#primaryimage\",\"url\":\"https:\\\/\\\/i0.wp.com\\\/vaubanlabs.com\\\/wp-content\\\/uploads\\\/2024\\\/07\\\/illustration-blockchain.jpg?fit=1348%2C1246&ssl=1\",\"contentUrl\":\"https:\\\/\\\/i0.wp.com\\\/vaubanlabs.com\\\/wp-content\\\/uploads\\\/2024\\\/07\\\/illustration-blockchain.jpg?fit=1348%2C1246&ssl=1\",\"width\":1348,\"height\":1246,\"caption\":\"Screenshot\"},{\"@type\":\"BreadcrumbList\",\"@id\":\"https:\\\/\\\/vaubanlabs.com\\\/index.php\\\/produit\\\/infoguide-blockchain-4-les-cas-dusages-avances\\\/#breadcrumb\",\"itemListElement\":[{\"@type\":\"ListItem\",\"position\":1,\"name\":\"Home\",\"item\":\"https:\\\/\\\/vaubanlabs.com\\\/\"},{\"@type\":\"ListItem\",\"position\":2,\"name\":\"Boutique\",\"item\":\"https:\\\/\\\/vaubanlabs.com\\\/index.php\\\/boutique\\\/\"},{\"@type\":\"ListItem\",\"position\":3,\"name\":\"Infoguide Blockchain #4 : Les cas d&#8217;usages avanc\u00e9s\"}]},{\"@type\":\"WebSite\",\"@id\":\"https:\\\/\\\/vaubanlabs.com\\\/#website\",\"url\":\"https:\\\/\\\/vaubanlabs.com\\\/\",\"name\":\"VaubanLabs\",\"description\":\"L&#039;architecte de vos solutions\",\"publisher\":{\"@id\":\"https:\\\/\\\/vaubanlabs.com\\\/#organization\"},\"potentialAction\":[{\"@type\":\"SearchAction\",\"target\":{\"@type\":\"EntryPoint\",\"urlTemplate\":\"https:\\\/\\\/vaubanlabs.com\\\/?s={search_term_string}\"},\"query-input\":{\"@type\":\"PropertyValueSpecification\",\"valueRequired\":true,\"valueName\":\"search_term_string\"}}],\"inLanguage\":\"fr-FR\"},{\"@type\":\"Organization\",\"@id\":\"https:\\\/\\\/vaubanlabs.com\\\/#organization\",\"name\":\"VaubanLabs\",\"url\":\"https:\\\/\\\/vaubanlabs.com\\\/\",\"logo\":{\"@type\":\"ImageObject\",\"inLanguage\":\"fr-FR\",\"@id\":\"https:\\\/\\\/vaubanlabs.com\\\/#\\\/schema\\\/logo\\\/image\\\/\",\"url\":\"https:\\\/\\\/vaubanlabs.com\\\/wp-content\\\/uploads\\\/2024\\\/01\\\/cropped-Capture-decran-2024-01-27-a-14.43.17-3.png\",\"contentUrl\":\"https:\\\/\\\/vaubanlabs.com\\\/wp-content\\\/uploads\\\/2024\\\/01\\\/cropped-Capture-decran-2024-01-27-a-14.43.17-3.png\",\"width\":512,\"height\":512,\"caption\":\"VaubanLabs\"},\"image\":{\"@id\":\"https:\\\/\\\/vaubanlabs.com\\\/#\\\/schema\\\/logo\\\/image\\\/\"},\"sameAs\":[\"https:\\\/\\\/x.com\\\/vaubanlabs\"]}]}<\/script>\n<!-- \/ Yoast SEO plugin. -->","yoast_head_json":{"title":"Infoguide Blockchain #4 : Les cas d'usages avanc\u00e9s - VaubanLabs","description":"Ce module n\u00b04 pr\u00e9sente les cas d'usages avanc\u00e9s de la blockchain, permettant une meilleure compr\u00e9hension g\u00e9n\u00e9rale de la technologie.","robots":{"index":"index","follow":"follow","max-snippet":"max-snippet:-1","max-image-preview":"max-image-preview:large","max-video-preview":"max-video-preview:-1"},"canonical":"https:\/\/vaubanlabs.com\/index.php\/produit\/infoguide-blockchain-4-les-cas-dusages-avances\/","og_locale":"fr_FR","og_type":"article","og_title":"Infoguide Blockchain #4 : Les cas d'usages avanc\u00e9s - VaubanLabs","og_description":"Ce module n\u00b04 pr\u00e9sente les cas d'usages avanc\u00e9s de la blockchain, permettant une meilleure compr\u00e9hension g\u00e9n\u00e9rale de la technologie.","og_url":"https:\/\/vaubanlabs.com\/index.php\/produit\/infoguide-blockchain-4-les-cas-dusages-avances\/","og_site_name":"VaubanLabs","og_image":[{"width":1348,"height":1246,"url":"https:\/\/vaubanlabs.com\/wp-content\/uploads\/2024\/07\/illustration-blockchain.jpg","type":"image\/jpeg"}],"twitter_card":"summary_large_image","twitter_site":"@vaubanlabs","twitter_misc":{"Dur\u00e9e de lecture estim\u00e9e":"1 minute"},"schema":{"@context":"https:\/\/schema.org","@graph":[{"@type":"WebPage","@id":"https:\/\/vaubanlabs.com\/index.php\/produit\/infoguide-blockchain-4-les-cas-dusages-avances\/","url":"https:\/\/vaubanlabs.com\/index.php\/produit\/infoguide-blockchain-4-les-cas-dusages-avances\/","name":"Infoguide Blockchain #4 : Les cas d'usages avanc\u00e9s - VaubanLabs","isPartOf":{"@id":"https:\/\/vaubanlabs.com\/#website"},"primaryImageOfPage":{"@id":"https:\/\/vaubanlabs.com\/index.php\/produit\/infoguide-blockchain-4-les-cas-dusages-avances\/#primaryimage"},"image":{"@id":"https:\/\/vaubanlabs.com\/index.php\/produit\/infoguide-blockchain-4-les-cas-dusages-avances\/#primaryimage"},"thumbnailUrl":"https:\/\/i0.wp.com\/vaubanlabs.com\/wp-content\/uploads\/2024\/07\/illustration-blockchain.jpg?fit=1348%2C1246&ssl=1","datePublished":"2024-09-30T15:02:58+00:00","description":"Ce module n\u00b04 pr\u00e9sente les cas d'usages avanc\u00e9s de la blockchain, permettant une meilleure compr\u00e9hension g\u00e9n\u00e9rale de la technologie.","breadcrumb":{"@id":"https:\/\/vaubanlabs.com\/index.php\/produit\/infoguide-blockchain-4-les-cas-dusages-avances\/#breadcrumb"},"inLanguage":"fr-FR","potentialAction":[{"@type":"ReadAction","target":["https:\/\/vaubanlabs.com\/index.php\/produit\/infoguide-blockchain-4-les-cas-dusages-avances\/"]}]},{"@type":"ImageObject","inLanguage":"fr-FR","@id":"https:\/\/vaubanlabs.com\/index.php\/produit\/infoguide-blockchain-4-les-cas-dusages-avances\/#primaryimage","url":"https:\/\/i0.wp.com\/vaubanlabs.com\/wp-content\/uploads\/2024\/07\/illustration-blockchain.jpg?fit=1348%2C1246&ssl=1","contentUrl":"https:\/\/i0.wp.com\/vaubanlabs.com\/wp-content\/uploads\/2024\/07\/illustration-blockchain.jpg?fit=1348%2C1246&ssl=1","width":1348,"height":1246,"caption":"Screenshot"},{"@type":"BreadcrumbList","@id":"https:\/\/vaubanlabs.com\/index.php\/produit\/infoguide-blockchain-4-les-cas-dusages-avances\/#breadcrumb","itemListElement":[{"@type":"ListItem","position":1,"name":"Home","item":"https:\/\/vaubanlabs.com\/"},{"@type":"ListItem","position":2,"name":"Boutique","item":"https:\/\/vaubanlabs.com\/index.php\/boutique\/"},{"@type":"ListItem","position":3,"name":"Infoguide Blockchain #4 : Les cas d&#8217;usages avanc\u00e9s"}]},{"@type":"WebSite","@id":"https:\/\/vaubanlabs.com\/#website","url":"https:\/\/vaubanlabs.com\/","name":"VaubanLabs","description":"L&#039;architecte de vos solutions","publisher":{"@id":"https:\/\/vaubanlabs.com\/#organization"},"potentialAction":[{"@type":"SearchAction","target":{"@type":"EntryPoint","urlTemplate":"https:\/\/vaubanlabs.com\/?s={search_term_string}"},"query-input":{"@type":"PropertyValueSpecification","valueRequired":true,"valueName":"search_term_string"}}],"inLanguage":"fr-FR"},{"@type":"Organization","@id":"https:\/\/vaubanlabs.com\/#organization","name":"VaubanLabs","url":"https:\/\/vaubanlabs.com\/","logo":{"@type":"ImageObject","inLanguage":"fr-FR","@id":"https:\/\/vaubanlabs.com\/#\/schema\/logo\/image\/","url":"https:\/\/vaubanlabs.com\/wp-content\/uploads\/2024\/01\/cropped-Capture-decran-2024-01-27-a-14.43.17-3.png","contentUrl":"https:\/\/vaubanlabs.com\/wp-content\/uploads\/2024\/01\/cropped-Capture-decran-2024-01-27-a-14.43.17-3.png","width":512,"height":512,"caption":"VaubanLabs"},"image":{"@id":"https:\/\/vaubanlabs.com\/#\/schema\/logo\/image\/"},"sameAs":["https:\/\/x.com\/vaubanlabs"]}]}},"jetpack_sharing_enabled":true,"_links":{"self":[{"href":"https:\/\/vaubanlabs.com\/index.php\/wp-json\/wp\/v2\/product\/841","targetHints":{"allow":["GET"]}}],"collection":[{"href":"https:\/\/vaubanlabs.com\/index.php\/wp-json\/wp\/v2\/product"}],"about":[{"href":"https:\/\/vaubanlabs.com\/index.php\/wp-json\/wp\/v2\/types\/product"}],"replies":[{"embeddable":true,"href":"https:\/\/vaubanlabs.com\/index.php\/wp-json\/wp\/v2\/comments?post=841"}],"wp:featuredmedia":[{"embeddable":true,"href":"https:\/\/vaubanlabs.com\/index.php\/wp-json\/wp\/v2\/media\/532"}],"wp:attachment":[{"href":"https:\/\/vaubanlabs.com\/index.php\/wp-json\/wp\/v2\/media?parent=841"}],"wp:term":[{"taxonomy":"product_brand","embeddable":true,"href":"https:\/\/vaubanlabs.com\/index.php\/wp-json\/wp\/v2\/product_brand?post=841"},{"taxonomy":"product_cat","embeddable":true,"href":"https:\/\/vaubanlabs.com\/index.php\/wp-json\/wp\/v2\/product_cat?post=841"},{"taxonomy":"product_tag","embeddable":true,"href":"https:\/\/vaubanlabs.com\/index.php\/wp-json\/wp\/v2\/product_tag?post=841"}],"curies":[{"name":"wp","href":"https:\/\/api.w.org\/{rel}","templated":true}]}}